{"id":1234,"date":"2024-02-22T17:13:26","date_gmt":"2024-02-22T17:13:26","guid":{"rendered":"http:\/\/34.171.129.251\/?page_id=1234"},"modified":"2026-02-05T11:22:49","modified_gmt":"2026-02-05T17:22:49","slug":"disclosure","status":"publish","type":"page","link":"https:\/\/own.lease\/es\/disclosure\/","title":{"rendered":"About Disclosure"},"content":{"rendered":"<div data-elementor-type=\"wp-page\" data-elementor-id=\"1234\" class=\"elementor elementor-1234\" data-elementor-post-type=\"page\">\n\t\t\t\t<div class=\"elementor-element elementor-element-a62e410 e-con-full e-flex e-con e-parent\" data-id=\"a62e410\" data-element_type=\"container\" data-e-type=\"container\" data-settings=\"{&quot;background_background&quot;:&quot;classic&quot;}\">\n\t\t<div class=\"elementor-element elementor-element-453b02a e-con-full e-flex e-con e-child\" data-id=\"453b02a\" data-element_type=\"container\" data-e-type=\"container\">\n\t\t<div class=\"elementor-element elementor-element-0e24541 e-con-full e-flex e-con e-child\" data-id=\"0e24541\" data-element_type=\"container\" data-e-type=\"container\">\n\t\t\t\t<div class=\"elementor-element elementor-element-5b09296 elementor-widget__width-initial elementor-widget elementor-widget-text-editor\" data-id=\"5b09296\" data-element_type=\"widget\" data-e-type=\"widget\" data-widget_type=\"text-editor.default\">\n\t\t\t\t<div class=\"elementor-widget-container\">\n\t\t\t\t\t\t\t\t\t<p style=\"text-align: justify;\">Esta comunicaci\u00f3n es un intento de cobrar una deuda, y cualquier informaci\u00f3n obtenida ser\u00e1 utilizada para ese prop\u00f3sito.\u00a0<span style=\"font-style: inherit; font-weight: inherit; background-color: var(--ast-global-color-5);\">Podemos reportar informaci\u00f3n sobre su cuenta a las agencias de cr\u00e9dito.\u00a0<\/span><span style=\"font-style: inherit; font-weight: inherit; background-color: var(--ast-global-color-5);\">Los pagos atrasados, pagos omitidos u otros incumplimientos en su cuenta pueden reflejarse en su informe de cr\u00e9dito.<\/span><\/p>\t\t\t\t\t\t\t\t<\/div>\n\t\t\t\t<\/div>\n\t\t\t\t<\/div>\n\t\t\t\t<\/div>\n\t\t<div class=\"elementor-element elementor-element-b799222 e-con-full e-flex e-con e-child\" data-id=\"b799222\" data-element_type=\"container\" data-e-type=\"container\">\n\t\t\t\t<div class=\"elementor-element elementor-element-fc78f9f elementor-align-center elementor-widget elementor-widget-button\" data-id=\"fc78f9f\" data-element_type=\"widget\" data-e-type=\"widget\" data-widget_type=\"button.default\">\n\t\t\t\t<div class=\"elementor-widget-container\">\n\t\t\t\t\t\t\t\t\t<div class=\"elementor-button-wrapper\">\n\t\t\t\t\t<a class=\"elementor-button elementor-button-link elementor-size-sm\" href=\"https:\/\/my.own.lease\/\">\n\t\t\t\t\t\t<span class=\"elementor-button-content-wrapper\">\n\t\t\t\t\t\t\t\t\t<span class=\"elementor-button-text\">REALIZAR UN PAGO<\/span>\n\t\t\t\t\t<\/span>\n\t\t\t\t\t<\/a>\n\t\t\t\t<\/div>\n\t\t\t\t\t\t\t\t<\/div>\n\t\t\t\t<\/div>\n\t\t\t\t<\/div>\n\t\t\t\t<\/div>\n\t\t\t\t<\/div>","protected":false},"excerpt":{"rendered":"<p>This communication is an attempt to collect a debt, and any information obtained will be used for that purpose.\u00a0We may [&hellip;]<\/p>\n","protected":false},"author":143632,"featured_media":0,"parent":0,"menu_order":0,"comment_status":"closed","ping_status":"closed","template":"","meta":{"inline_featured_image":false,"site-sidebar-layout":"no-sidebar","site-content-layout":"plain-container","ast-site-content-layout":"default","site-content-style":"default","site-sidebar-style":"default","ast-global-header-display":"","ast-banner-title-visibility":"","ast-main-header-display":"","ast-hfb-above-header-display":"","ast-hfb-below-header-display":"","ast-hfb-mobile-header-display":"","site-post-title":"disabled","ast-breadcrumbs-content":"","ast-featured-img":"","footer-sml-layout":"","ast-disable-related-posts":"","theme-transparent-header-meta":"enabled","adv-header-id-meta":"","stick-header-meta":"","header-above-stick-meta":"","header-main-stick-meta":"","header-below-stick-meta":"","astra-migrate-meta-layouts":"set","ast-page-background-enabled":"default","ast-page-background-meta":{"desktop":{"background-color":"var(--ast-global-color-4)","background-image":"","background-repeat":"repeat","background-position":"center center","background-size":"auto","background-attachment":"scroll","background-type":"","background-media":"","overlay-type":"","overlay-color":"","overlay-opacity":"","overlay-gradient":""},"tablet":{"background-color":"","background-image":"","background-repeat":"repeat","background-position":"center center","background-size":"auto","background-attachment":"scroll","background-type":"","background-media":"","overlay-type":"","overlay-color":"","overlay-opacity":"","overlay-gradient":""},"mobile":{"background-color":"","background-image":"","background-repeat":"repeat","background-position":"center center","background-size":"auto","background-attachment":"scroll","background-type":"","background-media":"","overlay-type":"","overlay-color":"","overlay-opacity":"","overlay-gradient":""}},"ast-content-background-meta":{"desktop":{"background-color":"var(--ast-global-color-5)","background-image":"","background-repeat":"repeat","background-position":"center center","background-size":"auto","background-attachment":"scroll","background-type":"","background-media":"","overlay-type":"","overlay-color":"","overlay-opacity":"","overlay-gradient":""},"tablet":{"background-color":"var(--ast-global-color-5)","background-image":"","background-repeat":"repeat","background-position":"center center","background-size":"auto","background-attachment":"scroll","background-type":"","background-media":"","overlay-type":"","overlay-color":"","overlay-opacity":"","overlay-gradient":""},"mobile":{"background-color":"var(--ast-global-color-5)","background-image":"","background-repeat":"repeat","background-position":"center center","background-size":"auto","background-attachment":"scroll","background-type":"","background-media":"","overlay-type":"","overlay-color":"","overlay-opacity":"","overlay-gradient":""}},"footnotes":""},"class_list":["post-1234","page","type-page","status-publish","hentry"],"yoast_head":"<!-- This site is optimized with the Yoast SEO plugin v27.2 - https:\/\/yoast.com\/product\/yoast-seo-wordpress\/ -->\n<title>About Disclosure - Own.lease | Buy now, pay later with flexible plans that fit your budget.<\/title>\n<meta name=\"robots\" content=\"index, follow, max-snippet:-1, max-image-preview:large, max-video-preview:-1\" \/>\n<link rel=\"canonical\" href=\"https:\/\/own.lease\/es\/disclosure\/\" \/>\n<meta property=\"og:locale\" content=\"es_MX\" \/>\n<meta property=\"og:type\" content=\"article\" \/>\n<meta property=\"og:title\" content=\"About Disclosure - Own.lease | Buy now, pay later with flexible plans that fit your budget.\" \/>\n<meta property=\"og:description\" content=\"This communication is an attempt to collect a debt, and any information obtained will be used for that purpose.\u00a0We may [&hellip;]\" \/>\n<meta property=\"og:url\" content=\"https:\/\/own.lease\/es\/disclosure\/\" \/>\n<meta property=\"og:site_name\" content=\"Own.lease | Buy now, pay later with flexible plans that fit your budget.\" \/>\n<meta property=\"article:publisher\" content=\"https:\/\/www.facebook.com\/people\/OwnLease\/61555521338615\/\" \/>\n<meta property=\"article:modified_time\" content=\"2026-02-05T17:22:49+00:00\" \/>\n<meta name=\"twitter:card\" content=\"summary_large_image\" \/>\n<meta name=\"twitter:site\" content=\"@lease_own\" \/>\n<meta name=\"twitter:label1\" content=\"Tiempo de lectura\" \/>\n\t<meta name=\"twitter:data1\" content=\"1 minuto\" \/>\n<script type=\"application\/ld+json\" class=\"yoast-schema-graph\">{\"@context\":\"https:\/\/schema.org\",\"@graph\":[{\"@type\":\"WebPage\",\"@id\":\"https:\/\/own.lease\/disclosure\/\",\"url\":\"https:\/\/own.lease\/disclosure\/\",\"name\":\"About Disclosure - Own.lease | Buy now, pay later with flexible plans that fit your budget.\",\"isPartOf\":{\"@id\":\"https:\/\/own.lease\/#website\"},\"datePublished\":\"2024-02-22T17:13:26+00:00\",\"dateModified\":\"2026-02-05T17:22:49+00:00\",\"breadcrumb\":{\"@id\":\"https:\/\/own.lease\/disclosure\/#breadcrumb\"},\"inLanguage\":\"es\",\"potentialAction\":[{\"@type\":\"ReadAction\",\"target\":[\"https:\/\/own.lease\/disclosure\/\"]}]},{\"@type\":\"BreadcrumbList\",\"@id\":\"https:\/\/own.lease\/disclosure\/#breadcrumb\",\"itemListElement\":[{\"@type\":\"ListItem\",\"position\":1,\"name\":\"Home\",\"item\":\"https:\/\/own.lease\/\"},{\"@type\":\"ListItem\",\"position\":2,\"name\":\"About Disclosure\"}]},{\"@type\":\"WebSite\",\"@id\":\"https:\/\/own.lease\/#website\",\"url\":\"https:\/\/own.lease\/\",\"name\":\"Own.lease\",\"description\":\"Get what you need with flexible lease-to-own options \u2014 no perfect credit needed. Sofas, tires, TVs, mattresses &amp; more made affordable.\",\"publisher\":{\"@id\":\"https:\/\/own.lease\/#organization\"},\"potentialAction\":[{\"@type\":\"SearchAction\",\"target\":{\"@type\":\"EntryPoint\",\"urlTemplate\":\"https:\/\/own.lease\/?s={search_term_string}\"},\"query-input\":{\"@type\":\"PropertyValueSpecification\",\"valueRequired\":true,\"valueName\":\"search_term_string\"}}],\"inLanguage\":\"es\"},{\"@type\":\"Organization\",\"@id\":\"https:\/\/own.lease\/#organization\",\"name\":\"Own.lease\",\"url\":\"https:\/\/own.lease\/\",\"logo\":{\"@type\":\"ImageObject\",\"inLanguage\":\"es\",\"@id\":\"https:\/\/own.lease\/#\/schema\/logo\/image\/\",\"url\":\"https:\/\/own.lease\/wp-content\/uploads\/2024\/02\/Logo-OwnLease-Color-White.svg\",\"contentUrl\":\"https:\/\/own.lease\/wp-content\/uploads\/2024\/02\/Logo-OwnLease-Color-White.svg\",\"width\":207,\"height\":102,\"caption\":\"Own.lease\"},\"image\":{\"@id\":\"https:\/\/own.lease\/#\/schema\/logo\/image\/\"},\"sameAs\":[\"https:\/\/www.facebook.com\/people\/OwnLease\/61555521338615\/\",\"https:\/\/x.com\/lease_own\",\"https:\/\/www.linkedin.com\/company\/own-lease\/\",\"https:\/\/www.instagram.com\/own.lease\/\"]}]}<\/script>\n<!-- \/ Yoast SEO plugin. -->","yoast_head_json":{"title":"About Disclosure - Own.lease | Buy now, pay later with flexible plans that fit your budget.","robots":{"index":"index","follow":"follow","max-snippet":"max-snippet:-1","max-image-preview":"max-image-preview:large","max-video-preview":"max-video-preview:-1"},"canonical":"https:\/\/own.lease\/es\/disclosure\/","og_locale":"es_MX","og_type":"article","og_title":"About Disclosure - Own.lease | Buy now, pay later with flexible plans that fit your budget.","og_description":"This communication is an attempt to collect a debt, and any information obtained will be used for that purpose.\u00a0We may [&hellip;]","og_url":"https:\/\/own.lease\/es\/disclosure\/","og_site_name":"Own.lease | Buy now, pay later with flexible plans that fit your budget.","article_publisher":"https:\/\/www.facebook.com\/people\/OwnLease\/61555521338615\/","article_modified_time":"2026-02-05T17:22:49+00:00","twitter_card":"summary_large_image","twitter_site":"@lease_own","twitter_misc":{"Tiempo de lectura":"1 minuto"},"schema":{"@context":"https:\/\/schema.org","@graph":[{"@type":"WebPage","@id":"https:\/\/own.lease\/disclosure\/","url":"https:\/\/own.lease\/disclosure\/","name":"About Disclosure - Own.lease | Buy now, pay later with flexible plans that fit your budget.","isPartOf":{"@id":"https:\/\/own.lease\/#website"},"datePublished":"2024-02-22T17:13:26+00:00","dateModified":"2026-02-05T17:22:49+00:00","breadcrumb":{"@id":"https:\/\/own.lease\/disclosure\/#breadcrumb"},"inLanguage":"es","potentialAction":[{"@type":"ReadAction","target":["https:\/\/own.lease\/disclosure\/"]}]},{"@type":"BreadcrumbList","@id":"https:\/\/own.lease\/disclosure\/#breadcrumb","itemListElement":[{"@type":"ListItem","position":1,"name":"Home","item":"https:\/\/own.lease\/"},{"@type":"ListItem","position":2,"name":"About Disclosure"}]},{"@type":"WebSite","@id":"https:\/\/own.lease\/#website","url":"https:\/\/own.lease\/","name":"Own.lease","description":"Get what you need with flexible lease-to-own options \u2014 no perfect credit needed. Sofas, tires, TVs, mattresses &amp; more made affordable.","publisher":{"@id":"https:\/\/own.lease\/#organization"},"potentialAction":[{"@type":"SearchAction","target":{"@type":"EntryPoint","urlTemplate":"https:\/\/own.lease\/?s={search_term_string}"},"query-input":{"@type":"PropertyValueSpecification","valueRequired":true,"valueName":"search_term_string"}}],"inLanguage":"es"},{"@type":"Organization","@id":"https:\/\/own.lease\/#organization","name":"Own.lease","url":"https:\/\/own.lease\/","logo":{"@type":"ImageObject","inLanguage":"es","@id":"https:\/\/own.lease\/#\/schema\/logo\/image\/","url":"https:\/\/own.lease\/wp-content\/uploads\/2024\/02\/Logo-OwnLease-Color-White.svg","contentUrl":"https:\/\/own.lease\/wp-content\/uploads\/2024\/02\/Logo-OwnLease-Color-White.svg","width":207,"height":102,"caption":"Own.lease"},"image":{"@id":"https:\/\/own.lease\/#\/schema\/logo\/image\/"},"sameAs":["https:\/\/www.facebook.com\/people\/OwnLease\/61555521338615\/","https:\/\/x.com\/lease_own","https:\/\/www.linkedin.com\/company\/own-lease\/","https:\/\/www.instagram.com\/own.lease\/"]}]}},"jetpack_sharing_enabled":true,"_links":{"self":[{"href":"https:\/\/own.lease\/es\/wp-json\/wp\/v2\/pages\/1234","targetHints":{"allow":["GET"]}}],"collection":[{"href":"https:\/\/own.lease\/es\/wp-json\/wp\/v2\/pages"}],"about":[{"href":"https:\/\/own.lease\/es\/wp-json\/wp\/v2\/types\/page"}],"author":[{"embeddable":true,"href":"https:\/\/own.lease\/es\/wp-json\/wp\/v2\/users\/143632"}],"replies":[{"embeddable":true,"href":"https:\/\/own.lease\/es\/wp-json\/wp\/v2\/comments?post=1234"}],"version-history":[{"count":0,"href":"https:\/\/own.lease\/es\/wp-json\/wp\/v2\/pages\/1234\/revisions"}],"wp:attachment":[{"href":"https:\/\/own.lease\/es\/wp-json\/wp\/v2\/media?parent=1234"}],"curies":[{"name":"wp","href":"https:\/\/api.w.org\/{rel}","templated":true}]}}